{"id":14,"date":"2023-11-06T19:38:26","date_gmt":"2023-11-06T19:38:26","guid":{"rendered":"https:\/\/organic-tapestry.de\/?page_id=14"},"modified":"2024-04-17T19:05:57","modified_gmt":"2024-04-17T19:05:57","slug":"current-exhibitions","status":"publish","type":"page","link":"https:\/\/organic-tapestry.de\/?page_id=14","title":{"rendered":"[ current ]"},"content":{"rendered":"\n<figure class=\"wp-block-embed is-type-video is-provider-youtube wp-block-embed-youtube wp-embed-aspect-16-9 wp-has-aspect-ratio\"><div class=\"wp-block-embed__wrapper\">\n<iframe loading=\"lazy\" title=\"alabaster_und von horizonten, Filmset_13\" width=\"500\" height=\"281\" src=\"https:\/\/www.youtube.com\/embed\/E2OLDRzZDvs?feature=oembed\" frameborder=\"0\" allow=\"accelerometer; autoplay; clipboard-write; encrypted-media; gyroscope; picture-in-picture; web-share\" referrerpolicy=\"strict-origin-when-cross-origin\" allowfullscreen><\/iframe>\n<\/div><figcaption class=\"wp-element-caption\">Meinen Film bzw. Diashow k\u00f6nnt ihr jetzt bei youtube finden; mit vielen anderen spannenden + inspirierenden Filmen anderer Kolleg*innen aus Bremen. <a href=\"https:\/\/l.facebook.com\/l.php?u=https%3A%2F%2Fwww.youtube.com%2Fwatch%3Fv%3DE2OLDRzZDvs%26fbclid%3DIwZXh0bgNhZW0CMTAAAR3fL5Y2cNBUGGq167ifm4JSDYgPxg6MjUx_PnYW4Brg_76buQ3TuT0TCXs_aem_AaAWdU7qK3MU1TYUQpAJQHp998pNA4z2igqF8wOpoE4XUQ_SBvKDt4vIcS_U-LUzdswAl9zURJ91ET_1_saZyk9z&amp;h=AT0E310YWHQ4-LJSaf3qe-BfFMCbA-ycJ6lTavdZoM4MVEoCOiqgHV7QuAA-wtXHmrytjUQZlvQtTefoF8xkzq-qeGkX8hJQTyqUbsjgSBW7h2-TSwfX6SUeZJF6oJdFdpmnQy1kcA&amp;__tn__=-UK-R&amp;c[0]=AT1wvNNZxzScUcTmk1hdGjfWMYOn7SfNCmKV2zDJriT0ASYN0MnwhbBDaoSBrO78cvhRWULL4S1DIoBX1onwIsqSEAGmuq3x59u3mIUDYt-PTu0jLd4FWf-t5l4R5vIVZ1sUUix5EtFQSJg-iTiLnU2CkpMgW0a49lBLP2T4nrnmCUKnLI6S\" target=\"_blank\" rel=\"noreferrer noopener\">https:\/\/www.youtube.com\/watch?v=E2OLDRzZDvs<\/a> Meine Sequenz beginnt bei 7:39. <br>Es sind Impressionen aus meiner letzten gro\u00dfen Ausstellung &#8222;louder_than_bombs&#8220; in der GaDeWe. <br>Danke f\u00fcr&#8217;s schauen!<br>Danke an Monika. B. Beyer + den BBK-Bremen und Kay Michalak f\u00fcr die klasse Photos.<\/figcaption><\/figure>\n\n\n\n<p><\/p>\n\n\n\n<div class=\"wp-block-columns is-layout-flex wp-container-core-columns-is-layout-1 wp-block-columns-is-layout-flex\">\n<div class=\"wp-block-column is-layout-flow wp-block-column-is-layout-flow\" style=\"flex-basis:100%\">\n<figure class=\"wp-block-image size-large\"><img loading=\"lazy\" decoding=\"async\" width=\"1024\" height=\"1024\" src=\"https:\/\/organic-tapestry.de\/wp-content\/uploads\/2024\/02\/IMG_7405-1024x1024.jpeg\" alt=\"\" class=\"wp-image-152\" srcset=\"https:\/\/organic-tapestry.de\/wp-content\/uploads\/2024\/02\/IMG_7405-1024x1024.jpeg 1024w, https:\/\/organic-tapestry.de\/wp-content\/uploads\/2024\/02\/IMG_7405-300x300.jpeg 300w, https:\/\/organic-tapestry.de\/wp-content\/uploads\/2024\/02\/IMG_7405-150x150.jpeg 150w, https:\/\/organic-tapestry.de\/wp-content\/uploads\/2024\/02\/IMG_7405-768x768.jpeg 768w, https:\/\/organic-tapestry.de\/wp-content\/uploads\/2024\/02\/IMG_7405-1536x1536.jpeg 1536w, https:\/\/organic-tapestry.de\/wp-content\/uploads\/2024\/02\/IMG_7405-2048x2048.jpeg 2048w\" sizes=\"(max-width: 1024px) 100vw, 1024px\" \/><\/figure>\n<\/div>\n<\/div>\n\n\n\n<p>Ich nehme mit drei Arbeiten teil&#8230;<\/p>\n\n\n\n<figure class=\"wp-block-image size-large\"><img loading=\"lazy\" decoding=\"async\" width=\"351\" height=\"1024\" src=\"https:\/\/organic-tapestry.de\/wp-content\/uploads\/2024\/01\/INVITATION_CASPAR_27.1.24_final-351x1024.jpg\" alt=\"\" class=\"wp-image-145\" srcset=\"https:\/\/organic-tapestry.de\/wp-content\/uploads\/2024\/01\/INVITATION_CASPAR_27.1.24_final-351x1024.jpg 351w, https:\/\/organic-tapestry.de\/wp-content\/uploads\/2024\/01\/INVITATION_CASPAR_27.1.24_final-103x300.jpg 103w, https:\/\/organic-tapestry.de\/wp-content\/uploads\/2024\/01\/INVITATION_CASPAR_27.1.24_final-768x2243.jpg 768w, https:\/\/organic-tapestry.de\/wp-content\/uploads\/2024\/01\/INVITATION_CASPAR_27.1.24_final-526x1536.jpg 526w, https:\/\/organic-tapestry.de\/wp-content\/uploads\/2024\/01\/INVITATION_CASPAR_27.1.24_final-701x2048.jpg 701w\" sizes=\"(max-width: 351px) 100vw, 351px\" \/><\/figure>\n\n\n\n<p>since late 2022  i&#8217;m working on a new series&#8230;<\/p>\n\n\n\n<figure class=\"wp-block-image size-large\"><img loading=\"lazy\" decoding=\"async\" width=\"1024\" height=\"1024\" src=\"https:\/\/organic-tapestry.de\/wp-content\/uploads\/2024\/01\/IMG_6195-1-1024x1024.jpeg\" alt=\"\" class=\"wp-image-138\" srcset=\"https:\/\/organic-tapestry.de\/wp-content\/uploads\/2024\/01\/IMG_6195-1-1024x1024.jpeg 1024w, https:\/\/organic-tapestry.de\/wp-content\/uploads\/2024\/01\/IMG_6195-1-300x300.jpeg 300w, https:\/\/organic-tapestry.de\/wp-content\/uploads\/2024\/01\/IMG_6195-1-150x150.jpeg 150w, https:\/\/organic-tapestry.de\/wp-content\/uploads\/2024\/01\/IMG_6195-1-768x768.jpeg 768w, https:\/\/organic-tapestry.de\/wp-content\/uploads\/2024\/01\/IMG_6195-1-1536x1536.jpeg 1536w, https:\/\/organic-tapestry.de\/wp-content\/uploads\/2024\/01\/IMG_6195-1-2048x2048.jpeg 2048w\" sizes=\"(max-width: 1024px) 100vw, 1024px\" \/><\/figure>\n\n\n\n<figure class=\"wp-block-image size-large\"><img loading=\"lazy\" decoding=\"async\" width=\"1024\" height=\"1024\" src=\"https:\/\/organic-tapestry.de\/wp-content\/uploads\/2023\/11\/image-1024x1024.jpeg\" alt=\"edition_2023_repro_DSF1510.jpg\" class=\"wp-image-105\" srcset=\"https:\/\/organic-tapestry.de\/wp-content\/uploads\/2023\/11\/image-1024x1024.jpeg 1024w, https:\/\/organic-tapestry.de\/wp-content\/uploads\/2023\/11\/image-300x300.jpeg 300w, https:\/\/organic-tapestry.de\/wp-content\/uploads\/2023\/11\/image-150x150.jpeg 150w, https:\/\/organic-tapestry.de\/wp-content\/uploads\/2023\/11\/image-768x768.jpeg 768w, https:\/\/organic-tapestry.de\/wp-content\/uploads\/2023\/11\/image-1536x1536.jpeg 1536w, https:\/\/organic-tapestry.de\/wp-content\/uploads\/2023\/11\/image.jpeg 2000w\" sizes=\"(max-width: 1024px) 100vw, 1024px\" \/><figcaption class=\"wp-element-caption\">o.l. Christoph Sprute | o.r. Gaby Ahnert | u.l. Kay Michalak | u.r. meine Arbeit<\/figcaption><\/figure>\n\n\n\n<p>For the first time: We have an EDITION in our tiny little gallery &#8222;<a href=\"http:\/\/www.tunnelblick.info\">Tunnelblick<\/a>&#8222;: Each one of us put a work in a dinA4 cardboard folder. Images of what is &#8222;in the box&#8220; please visit <a href=\"http:\/\/www.instagram.com\/tunnelblick.kunst\">www.instagram.com\/tunnelblick.kunst<\/a><\/p>\n\n\n\n<div class=\"wp-block-columns is-layout-flex wp-container-core-columns-is-layout-2 wp-block-columns-is-layout-flex\">\n<div class=\"wp-block-column is-layout-flow wp-block-column-is-layout-flow\" style=\"flex-basis:33.33%\">\n<p><a href=\"https:\/\/www.facebook.com\/photo\/?fbid=1095962448185175&amp;set=a.402862957495131\">https:\/\/www.facebook.com\/photo\/?fbid=1095962448185175&amp;set=a.402862957495131<\/a><\/p>\n<\/div>\n\n\n\n<div class=\"wp-block-column is-vertically-aligned-center is-layout-flow wp-block-column-is-layout-flow\" style=\"flex-basis:66.66%\">\n<p>Am Samstag, den 11. 11. ist die Acchrochage #17 mit einigen meiner Werke in der Galerie 149 in BHV gestartet. Leider war ich nicht auf der Vernissage zugegen.<\/p>\n<\/div>\n<\/div>\n\n\n\n<figure class=\"wp-block-image size-large\"><img loading=\"lazy\" decoding=\"async\" width=\"806\" height=\"1024\" src=\"https:\/\/organic-tapestry.de\/wp-content\/uploads\/2023\/11\/kleinodien-preziosen-2023-1-806x1024.jpg\" alt=\"\" class=\"wp-image-34\" srcset=\"https:\/\/organic-tapestry.de\/wp-content\/uploads\/2023\/11\/kleinodien-preziosen-2023-1-806x1024.jpg 806w, https:\/\/organic-tapestry.de\/wp-content\/uploads\/2023\/11\/kleinodien-preziosen-2023-1-236x300.jpg 236w, https:\/\/organic-tapestry.de\/wp-content\/uploads\/2023\/11\/kleinodien-preziosen-2023-1-768x976.jpg 768w, https:\/\/organic-tapestry.de\/wp-content\/uploads\/2023\/11\/kleinodien-preziosen-2023-1.jpg 908w\" sizes=\"(max-width: 806px) 100vw, 806px\" \/><\/figure>\n\n\n\n<figure class=\"wp-block-image size-large\"><img loading=\"lazy\" decoding=\"async\" width=\"1024\" height=\"1024\" src=\"https:\/\/organic-tapestry.de\/wp-content\/uploads\/2023\/11\/Einladung_GaDeWe_2023_11_Mail-1024x1024.jpg\" alt=\"\" class=\"wp-image-15\" srcset=\"https:\/\/organic-tapestry.de\/wp-content\/uploads\/2023\/11\/Einladung_GaDeWe_2023_11_Mail-1024x1024.jpg 1024w, https:\/\/organic-tapestry.de\/wp-content\/uploads\/2023\/11\/Einladung_GaDeWe_2023_11_Mail-300x300.jpg 300w, https:\/\/organic-tapestry.de\/wp-content\/uploads\/2023\/11\/Einladung_GaDeWe_2023_11_Mail-150x150.jpg 150w, https:\/\/organic-tapestry.de\/wp-content\/uploads\/2023\/11\/Einladung_GaDeWe_2023_11_Mail-768x768.jpg 768w, https:\/\/organic-tapestry.de\/wp-content\/uploads\/2023\/11\/Einladung_GaDeWe_2023_11_Mail.jpg 1240w\" sizes=\"(max-width: 1024px) 100vw, 1024px\" \/><\/figure>\n\n\n\n<p><a href=\"https:\/\/spot-bremen.de\/events\/novembersommer-18\/\">https:\/\/spot-bremen.de\/events\/novembersommer-18\/<\/a><\/p>\n\n\n\n<p>Kunsttage mit  FOUR+ im Artoll, Bedburg-Hau im September\/Oktober.<\/p>\n\n\n\n<figure class=\"wp-block-image size-large\"><img loading=\"lazy\" decoding=\"async\" width=\"1024\" height=\"682\" src=\"https:\/\/organic-tapestry.de\/wp-content\/uploads\/2023\/11\/Gruppenphoto-1024x682.jpg\" alt=\"\" class=\"wp-image-102\" srcset=\"https:\/\/organic-tapestry.de\/wp-content\/uploads\/2023\/11\/Gruppenphoto-1024x682.jpg 1024w, https:\/\/organic-tapestry.de\/wp-content\/uploads\/2023\/11\/Gruppenphoto-300x200.jpg 300w, https:\/\/organic-tapestry.de\/wp-content\/uploads\/2023\/11\/Gruppenphoto-768x512.jpg 768w, https:\/\/organic-tapestry.de\/wp-content\/uploads\/2023\/11\/Gruppenphoto-1536x1023.jpg 1536w, https:\/\/organic-tapestry.de\/wp-content\/uploads\/2023\/11\/Gruppenphoto.jpg 1600w\" sizes=\"(max-width: 1024px) 100vw, 1024px\" \/><figcaption class=\"wp-element-caption\">me, Siegbert Altmiks, Kerstin M\u00fcller-Schiel, Detlef Funder + Susanne M\u00fcller-K\u00f6lmel<\/figcaption><\/figure>\n","protected":false},"excerpt":{"rendered":"<p>Ich nehme mit drei Arbeiten teil&#8230; since late 2022 i&#8217;m working on a new series&#8230; For the first time: We have an EDITION in our tiny little gallery &#8222;Tunnelblick&#8222;: Each one of us put a work in a dinA4 cardboard folder. Images of what is &#8222;in the box&#8220; please visit www.instagram.com\/tunnelblick.kunst https:\/\/www.facebook.com\/photo\/?fbid=1095962448185175&amp;set=a.402862957495131 Am Samstag, den [&hellip;]<\/p>\n","protected":false},"author":1,"featured_media":0,"parent":0,"menu_order":0,"comment_status":"closed","ping_status":"closed","template":"","meta":{"footnotes":""},"_links":{"self":[{"href":"https:\/\/organic-tapestry.de\/index.php?rest_route=\/wp\/v2\/pages\/14"}],"collection":[{"href":"https:\/\/organic-tapestry.de\/index.php?rest_route=\/wp\/v2\/pages"}],"about":[{"href":"https:\/\/organic-tapestry.de\/index.php?rest_route=\/wp\/v2\/types\/page"}],"author":[{"embeddable":true,"href":"https:\/\/organic-tapestry.de\/index.php?rest_route=\/wp\/v2\/users\/1"}],"replies":[{"embeddable":true,"href":"https:\/\/organic-tapestry.de\/index.php?rest_route=%2Fwp%2Fv2%2Fcomments&post=14"}],"version-history":[{"count":26,"href":"https:\/\/organic-tapestry.de\/index.php?rest_route=\/wp\/v2\/pages\/14\/revisions"}],"predecessor-version":[{"id":162,"href":"https:\/\/organic-tapestry.de\/index.php?rest_route=\/wp\/v2\/pages\/14\/revisions\/162"}],"wp:attachment":[{"href":"https:\/\/organic-tapestry.de\/index.php?rest_route=%2Fwp%2Fv2%2Fmedia&parent=14"}],"curies":[{"name":"wp","href":"https:\/\/api.w.org\/{rel}","templated":true}]}}